{"id":30,"date":"2013-03-05T16:59:45","date_gmt":"2013-03-05T15:59:45","guid":{"rendered":"http:\/\/knislingefp.se\/?page_id=30"},"modified":"2013-03-07T11:24:34","modified_gmt":"2013-03-07T10:24:34","slug":"om-parken","status":"publish","type":"page","link":"https:\/\/knislingefp.se\/?page_id=30","title":{"rendered":"Om Parken"},"content":{"rendered":"<p>Folketshus-och Parf\u00f6reningen bildades p\u00e5 1920-talet<br \/>\nF\u00f6rst var lokalen placerad vid \u00c5h\u00e4llan p\u00e5 andra sidan \u00e5n, innan den nuvarande parken byggdes. Invigningen kom till st\u00e5nd 1927.Med \u00e5ren har ombyggnader skett, som gett parken sitt nuvarande utseende.<\/p>\n<p>Flera olika bilder finns i folketsparken hur det s\u00e5g ut f\u00f6rr.\u00a0Parken har stora fina gr\u00e4smattor\u00a0utm\u00e4rkt f\u00f6r familjepicknicken.\u00a0\u00c5n ligger precis intill och g\u00f6r det l\u00e4mpligt till fiske. Sedan 2006 s\u00e5 har f\u00f6reningen F-yra\u00a0anordnat\u00a0Helge\u00e5festivalen som de h\u00e5ller i parken. Sedan starten s\u00e5 har det blivit s\u00e5 popul\u00e4rt att man nu har ut\u00f6kat till 3 dagar.<\/p>\n<p>Man kan \u00e4ven hyra parken f\u00f6r egna \u00e4ndam\u00e5l s\u00e5 som studenten och f\u00f6delsedagskalas. Det \u00e4r redan mycket aktivitet i v\u00e5ra lokaler s\u00e5 som Linedance, Zumba och diverse Dans m\u00f6jligheter.<br \/>\nEtt par g\u00e5nger om \u00e5ret s\u00e5 arrangerar\u00a0parken Loppis med korvgrillning. Vi har \u00e4ven haft det vi kallar Kompisfesten d\u00e4r man b\u00f6rjar med att \u00e4ta n\u00e5got gott och sedan dansar.<\/p>\n<p>Knislinge Folketshus och Parkf\u00f6rening \u00e4r medlemmar i <a title=\"Folketshus och Parker\" href=\"http:\/\/www.fhp.nu\/Hem\/\" target=\"_blank\">Folketshus och Parker<\/a><br \/>\n<a title=\"Folketshus och Parker\" href=\"http:\/\/www.fhp.nu\/Hem\/\" target=\"_blank\"><img decoding=\"async\" loading=\"lazy\" class=\"aligncenter size-full wp-image-107\" alt=\"folketshus_logo\" src=\"https:\/\/i0.wp.com\/knislingefp.se\/wp-content\/uploads\/2013\/03\/folketshus_logo.jpg?resize=100%2C100&#038;ssl=1\" width=\"100\" height=\"100\" data-recalc-dims=\"1\" \/><\/a><\/p>\n<span class=\"fb_share\"><fb:like href=\"https:\/\/knislingefp.se\/?page_id=30\" layout=\"button_count\"><\/fb:like><\/span>","protected":false},"excerpt":{"rendered":"<p>Folketshus-och Parf\u00f6reningen bildades p\u00e5 1920-talet F\u00f6rst var lokalen placerad vid \u00c5h\u00e4llan p\u00e5 andra sidan \u00e5n, innan den nuvarande parken byggdes. Invigningen kom till st\u00e5nd 1927.Med \u00e5ren har ombyggnader skett, som gett parken sitt nuvarande utseende. Flera olika bilder finns i folketsparken hur det s\u00e5g ut f\u00f6rr.\u00a0Parken har stora fina gr\u00e4smattor\u00a0utm\u00e4rkt f\u00f6r familjepicknicken.\u00a0\u00c5n ligger precis intill &hellip; <a href=\"https:\/\/knislingefp.se\/?page_id=30\" class=\"more-link\">Forts\u00e4tt l\u00e4sa <span class=\"screen-reader-text\">Om Parken<\/span> <span class=\"meta-nav\">&rarr;<\/span><\/a><\/p>\n","protected":false},"author":1,"featured_media":0,"parent":0,"menu_order":0,"comment_status":"closed","ping_status":"closed","template":"","meta":{"ngg_post_thumbnail":0,"jetpack_post_was_ever_published":false},"jetpack_shortlink":"https:\/\/wp.me\/P3h33M-u","jetpack_sharing_enabled":true,"_links":{"self":[{"href":"https:\/\/knislingefp.se\/index.php?rest_route=\/wp\/v2\/pages\/30"}],"collection":[{"href":"https:\/\/knislingefp.se\/index.php?rest_route=\/wp\/v2\/pages"}],"about":[{"href":"https:\/\/knislingefp.se\/index.php?rest_route=\/wp\/v2\/types\/page"}],"author":[{"embeddable":true,"href":"https:\/\/knislingefp.se\/index.php?rest_route=\/wp\/v2\/users\/1"}],"replies":[{"embeddable":true,"href":"https:\/\/knislingefp.se\/index.php?rest_route=%2Fwp%2Fv2%2Fcomments&post=30"}],"version-history":[{"count":4,"href":"https:\/\/knislingefp.se\/index.php?rest_route=\/wp\/v2\/pages\/30\/revisions"}],"predecessor-version":[{"id":108,"href":"https:\/\/knislingefp.se\/index.php?rest_route=\/wp\/v2\/pages\/30\/revisions\/108"}],"wp:attachment":[{"href":"https:\/\/knislingefp.se\/index.php?rest_route=%2Fwp%2Fv2%2Fmedia&parent=30"}],"curies":[{"name":"wp","href":"https:\/\/api.w.org\/{rel}","templated":true}]}}