{"id":271,"date":"2013-04-10T08:27:41","date_gmt":"2013-04-10T06:27:41","guid":{"rendered":"http:\/\/knislingefp.se\/?page_id=271"},"modified":"2024-11-05T12:47:34","modified_gmt":"2024-11-05T11:47:34","slug":"boka-parken","status":"publish","type":"page","link":"https:\/\/knislingefp.se\/?page_id=271","title":{"rendered":"Boka Parken"},"content":{"rendered":"<p>Det finns m\u00f6jlighet att boka parken f\u00f6r egna&nbsp;evenemang&nbsp;eller aktiviteter.<\/p>\n<p>Parken bokas genom MARCs konstn\u00e4rliga Koordinator Kajsa Rolfsson. Maila kajsa@milvusart.se ange t\u00e4nk evenemang, datum och mellan vilka tider.&nbsp;<\/p>\n<span class=\"fb_share\"><fb:like href=\"https:\/\/knislingefp.se\/?page_id=271\" layout=\"button_count\"><\/fb:like><\/span>","protected":false},"excerpt":{"rendered":"<p>Det finns m\u00f6jlighet att boka parken f\u00f6r egna&nbsp;evenemang&nbsp;eller aktiviteter. Parken bokas genom MARCs konstn\u00e4rliga Koordinator Kajsa Rolfsson. Maila kajsa@milvusart.se ange t\u00e4nk evenemang, datum och mellan vilka tider.&nbsp;<\/p>\n","protected":false},"author":1,"featured_media":0,"parent":0,"menu_order":0,"comment_status":"closed","ping_status":"closed","template":"","meta":{"ngg_post_thumbnail":0,"jetpack_post_was_ever_published":false},"jetpack_shortlink":"https:\/\/wp.me\/P3h33M-4n","jetpack_sharing_enabled":true,"_links":{"self":[{"href":"https:\/\/knislingefp.se\/index.php?rest_route=\/wp\/v2\/pages\/271"}],"collection":[{"href":"https:\/\/knislingefp.se\/index.php?rest_route=\/wp\/v2\/pages"}],"about":[{"href":"https:\/\/knislingefp.se\/index.php?rest_route=\/wp\/v2\/types\/page"}],"author":[{"embeddable":true,"href":"https:\/\/knislingefp.se\/index.php?rest_route=\/wp\/v2\/users\/1"}],"replies":[{"embeddable":true,"href":"https:\/\/knislingefp.se\/index.php?rest_route=%2Fwp%2Fv2%2Fcomments&post=271"}],"version-history":[{"count":3,"href":"https:\/\/knislingefp.se\/index.php?rest_route=\/wp\/v2\/pages\/271\/revisions"}],"predecessor-version":[{"id":2072,"href":"https:\/\/knislingefp.se\/index.php?rest_route=\/wp\/v2\/pages\/271\/revisions\/2072"}],"wp:attachment":[{"href":"https:\/\/knislingefp.se\/index.php?rest_route=%2Fwp%2Fv2%2Fmedia&parent=271"}],"curies":[{"name":"wp","href":"https:\/\/api.w.org\/{rel}","templated":true}]}}