{"id":16,"date":"2013-03-05T16:52:36","date_gmt":"2013-03-05T15:52:36","guid":{"rendered":"http:\/\/knislingefp.se\/?page_id=16"},"modified":"2013-03-07T11:18:57","modified_gmt":"2013-03-07T10:18:57","slug":"kompisfesten","status":"publish","type":"page","link":"https:\/\/knislingefp.se\/?page_id=16","title":{"rendered":"Kompisfesten"},"content":{"rendered":"<p>Knislinge Folketshus och Folkpark arrangerar ett par g\u00e5nger om \u00e5ret det vi kallar Kompisfesten. Syftet med festen \u00e4r att man skall kunna g\u00e5 ut med sina v\u00e4nner och bekanta f\u00f6r en trevlig kv\u00e4ll med god mat och trevlig underh\u00e5llning med dans.<\/p>\n<p>Sedan vi b\u00f6rjade med Kompisfesten s\u00e5 har antalet deltagare och intresset \u00f6kat. Det tycker vi \u00e4r kul och vi siktar p\u00e5 att forts\u00e4tta med Kompisfesten s\u00e5 l\u00e4nge intresset fortfarande finns. Och alla \u00e4r v\u00e4lkomna, gammal som ung.<\/p>\n<p>Den 26 januari 2013 hade vi 188 st bes\u00f6kande till\u00a0Kompisfesten\u00a0 Det blev en redig h\u00f6jdarkv\u00e4ll med bra mat och dansmusik av Del\u00e9ns Orkester.<\/p>\n<p>&nbsp;<\/p>\n<span class=\"fb_share\"><fb:like href=\"https:\/\/knislingefp.se\/?page_id=16\" layout=\"button_count\"><\/fb:like><\/span>","protected":false},"excerpt":{"rendered":"<p>Knislinge Folketshus och Folkpark arrangerar ett par g\u00e5nger om \u00e5ret det vi kallar Kompisfesten. Syftet med festen \u00e4r att man skall kunna g\u00e5 ut med sina v\u00e4nner och bekanta f\u00f6r en trevlig kv\u00e4ll med god mat och trevlig underh\u00e5llning med dans. Sedan vi b\u00f6rjade med Kompisfesten s\u00e5 har antalet deltagare och intresset \u00f6kat. Det tycker &hellip; <a href=\"https:\/\/knislingefp.se\/?page_id=16\" class=\"more-link\">Forts\u00e4tt l\u00e4sa <span class=\"screen-reader-text\">Kompisfesten<\/span> <span class=\"meta-nav\">&rarr;<\/span><\/a><\/p>\n","protected":false},"author":1,"featured_media":0,"parent":0,"menu_order":0,"comment_status":"closed","ping_status":"closed","template":"","meta":{"ngg_post_thumbnail":0,"jetpack_post_was_ever_published":false},"jetpack_shortlink":"https:\/\/wp.me\/P3h33M-g","jetpack_sharing_enabled":true,"_links":{"self":[{"href":"https:\/\/knislingefp.se\/index.php?rest_route=\/wp\/v2\/pages\/16"}],"collection":[{"href":"https:\/\/knislingefp.se\/index.php?rest_route=\/wp\/v2\/pages"}],"about":[{"href":"https:\/\/knislingefp.se\/index.php?rest_route=\/wp\/v2\/types\/page"}],"author":[{"embeddable":true,"href":"https:\/\/knislingefp.se\/index.php?rest_route=\/wp\/v2\/users\/1"}],"replies":[{"embeddable":true,"href":"https:\/\/knislingefp.se\/index.php?rest_route=%2Fwp%2Fv2%2Fcomments&post=16"}],"version-history":[{"count":3,"href":"https:\/\/knislingefp.se\/index.php?rest_route=\/wp\/v2\/pages\/16\/revisions"}],"predecessor-version":[{"id":105,"href":"https:\/\/knislingefp.se\/index.php?rest_route=\/wp\/v2\/pages\/16\/revisions\/105"}],"wp:attachment":[{"href":"https:\/\/knislingefp.se\/index.php?rest_route=%2Fwp%2Fv2%2Fmedia&parent=16"}],"curies":[{"name":"wp","href":"https:\/\/api.w.org\/{rel}","templated":true}]}}