{"id":1365,"date":"2018-01-29T16:22:16","date_gmt":"2018-01-29T15:22:16","guid":{"rendered":"http:\/\/knislingefp.se\/?page_id=1365"},"modified":"2018-02-21T15:04:58","modified_gmt":"2018-02-21T14:04:58","slug":"stadgar","status":"publish","type":"page","link":"https:\/\/knislingefp.se\/?page_id=1365","title":{"rendered":"Stadgar"},"content":{"rendered":"<h2><strong><u>Stadgar f\u00f6r Knislinge Folkets Hus- och Parkf\u00f6rening u.p.a.<\/u><\/strong><\/h2>\n<p>\u00a71.<\/p>\n<p><strong>Firma<\/strong><\/p>\n<p>F\u00f6reningens namn \u00e4r Knislinge Folkets Hus- och Parkf\u00f6rening u.p.a.<\/p>\n<p>\u00a72<\/p>\n<p><strong>F\u00f6reningens \u00e4ndam\u00e5l.<\/strong><\/p>\n<p>F\u00f6reningen har till \u00e4ndam\u00e5l att genom ink\u00f6p eller byggande av hus, och anskaffande av Folkets Park, att tillhandah\u00e5lla Knislinge Arbetare och dem n\u00e4rst\u00e5ende organisationer erforderliga samlingslokaler och festplatser, samt beredande av bost\u00e4der f\u00f6r uthyrning till medlemmar i f\u00f6reningen.<\/p>\n<p>\u00a73<\/p>\n<p><strong>S\u00e4te<\/strong><\/p>\n<p>F\u00f6reningens styrelse har sitt s\u00e4te i \u00d6stra G\u00f6inge Kommun.<\/p>\n<p>&nbsp;<\/p>\n<p>\u00a74<\/p>\n<p><strong>Medlemskap<\/strong><\/p>\n<p>Till medlem kan antas s\u00f6kande, fysisk eller juridisk person, som antas f\u00f6lja f\u00f6reningens grundl\u00e4ggande ide om j\u00e4mlikhet, j\u00e4mst\u00e4lldhet och allas lika v\u00e4rde. Som medlem f\u00f6ljer man f\u00f6reningen stadgar och beslut.<\/p>\n<p>Ans\u00f6kan om medlemskap g\u00f6rs skriftligt till f\u00f6reningen p\u00e5 av f\u00f6reningen tillhandah\u00e5llet formul\u00e4r. Av ans\u00f6kan ska framg\u00e5 den s\u00f6kandes f\u00f6delsedata samt kontaktuppgifter s\u00e5som bostadsadress och i f\u00f6rekommande fall e-post och mobilnummer.<\/p>\n<p>Ans\u00f6kan om medlemskap pr\u00f6vas av styrelsen eller av den styrelsen utser.<\/p>\n<p>\u00a75<\/p>\n<p><strong>Insats<\/strong><\/p>\n<p>Medlem skall delta i f\u00f6reningen med ett insatsbelopp om 100 kr, f\u00f6r 1 andel. Man kan delta med flera andelar.<\/p>\n<p>Insatsbeloppet ska betalas till f\u00f6reningens konto senast (2) veckor efter att medlemskap beviljats. Ev insats \u00e5terbetalas f\u00f6rst 1 \u00e5r efter medlems avg\u00e5ng. Det belopp som \u00e5terbetalas ber\u00e4knas enligt 4 kap. 1 5 lagen om ekonomiska f\u00f6reningar.<\/p>\n<p>\u00a76<\/p>\n<p><strong>Medlemsavgift<\/strong><\/p>\n<p>Varje medlem ska \u00e5rligen till f\u00f6reningen betala en medlemsavgift som beslutas av f\u00f6reningsst\u00e4mman, dock h\u00f6gst 500:-<\/p>\n<p>Avgiften betalas p\u00e5 det s\u00e4tt och inom den tid som styrelsen best\u00e4mmer.<\/p>\n<p>\u00a77<\/p>\n<p><strong>Upps\u00e4gning av medlemskap och uteslutning<\/strong><\/p>\n<p>Upps\u00e4gning ska g\u00f6ras skriftligen till styrelsen.<\/p>\n<p>En medlem som bryter mot stadgarna eller som uppenbarligen skadar f\u00f6reningen eller motarbetar dess intressen eller \u00e4ndam\u00e5l, kan av styrelsen uteslutas ur f\u00f6reningen.<\/p>\n<p>En utesluten medlem kan h\u00e4nskjuta fr\u00e5gan om uteslutning till f\u00f6reningsst\u00e4mman f\u00f6r avg\u00f6rande genom att anm\u00e4la detta till styrelsen inom en m\u00e5nad fr\u00e5n det att meddelandet om uteslutning skickades till medlemmen.<\/p>\n<p>\u00a78<\/p>\n<p><strong>F\u00f6rv\u00e4rv av andel<\/strong><\/p>\n<p>Har medlems andel \u00f6verg\u00e5tt p\u00e5 annan genom bodelning, arv eller testamente, skall den som f\u00f6rv\u00e4rvat andelen ans\u00f6ka om medlemskap inom de tidsfrister som anges i 3 kap. 2 5 lagn om ekonomiska f\u00f6reningar.<\/p>\n<p>Den som f\u00f6rv\u00e4rvat en medlems andel genom \u00f6verl\u00e5telse (k\u00f6p, g\u00e5va, byte etc.) utan att sj\u00e4lv vara medlem i f\u00f6reningen skall ans\u00f6ka om medlemskap inom (6) m\u00e5nader efter f\u00f6rv\u00e4rvet.<\/p>\n<p>Betr\u00e4ffande f\u00f6ruts\u00e4ttningar f\u00f6r medlemskap, form f\u00f6r ans\u00f6kan och beslutande organ vid ans\u00f6kan enligt f\u00f6rsta eller andra stycket g\u00e4ller vad som f\u00f6reskriva i dessa stadgar.<\/p>\n<p>\u00a79<\/p>\n<p><strong>Medlems avg\u00e5ng<\/strong><\/p>\n<p>Medlems avg\u00e5ng ur f\u00f6reningen (medlemskapet upph\u00f6r) sker alltid vid utg\u00e5ngen av ett r\u00e4kenskaps\u00e5r. En upps\u00e4gning av medlemskapet ska ha kommit styrelsen tillhanda senast tre (3) m\u00e5nader f\u00f6re r\u00e4kenskaps\u00e5rets slut f\u00f6r att avg\u00e5ngen ska ske vid utg\u00e5ngen av samma \u00e5r. Annars sker avg\u00e5ngen f\u00f6rst vid utg\u00e5ngen av n\u00e4sta r\u00e4kenskaps\u00e5r. Sker avg\u00e5ng p\u00e5 grund av uteslutning ska styrelsen respektive f\u00f6reningsst\u00e4mmans beslut vara fattat minst en (1) m\u00e5nad f\u00f6re r\u00e4kenskaps\u00e5rets utg\u00e5ng.<\/p>\n<p>\u00a710<\/p>\n<p><strong>Styrelse<\/strong><\/p>\n<p>Styrelsen v\u00e4ljs av f\u00f6reningsst\u00e4mman och best\u00e5r av l\u00e4gst 3 och h\u00f6gst 7 ledam\u00f6ter samt 2 suppleanter. Mandattiden \u00e4r tv\u00e5 (2) \u00e5r, dvs fram till slutet av den ordinarie f\u00f6reningsst\u00e4mma som h\u00e5lls andra r\u00e4kenskaps\u00e5ret efter valet. St\u00e4mman kan besluta om att v\u00e4lja n\u00e5gra ledam\u00f6ter p\u00e5 ett (1) till tv\u00e5 (2) \u00e5rs mandattid f\u00f6r att undvika att samtliga ledam\u00f6ters mandattid g\u00e5r ut samtidigt.<\/p>\n<p>Av ledam\u00f6terna utses en till ordf\u00f6rande i styrelsen f\u00f6r ett (1) \u00e5r, dvs fram till slutet av den ordinarie f\u00f6reningsst\u00e4mma som h\u00e5lls p\u00e5f\u00f6ljande r\u00e4kenskaps\u00e5r. F\u00f6rutom ordf\u00f6rande konstituerar styrelsen sig sj\u00e4lv.<\/p>\n<p>Styrelsesuppleanter tj\u00e4nstg\u00f6r i vald ordning men har alltid r\u00e4tt att n\u00e4rvara vid styrelsem\u00f6te.<\/p>\n<p>\u00a711<\/p>\n<p><strong>Firmateckning<\/strong><\/p>\n<p>F\u00f6reningens firma tecknas av ordf\u00f6rande och kass\u00f6r, i f\u00f6rening.<\/p>\n<p>&nbsp;<\/p>\n<p>\u00a712<\/p>\n<p><strong>Revisorer<\/strong><\/p>\n<p>F\u00f6reningsst\u00e4mma ska \u00e5rligen v\u00e4lja en (1) eller tv\u00e5 (2) revisorer med h\u00f6gst tv\u00e5 (2) revisorssuppleanter f\u00f6r ett (1) \u00e5r, dvs fram till slutet av den ordinarie f\u00f6reningsst\u00e4mman som h\u00e5lls p\u00e5f\u00f6ljande r\u00e4kenskaps\u00e5r.<\/p>\n<p>\u00a713<\/p>\n<p><strong>R\u00e4kenskaps\u00e5r<\/strong><\/p>\n<p>F\u00f6reningens r\u00e4kenskaps\u00e5r \u00e4r lika med kalender\u00e5r.<\/p>\n<p>\u00a714<\/p>\n<p><strong>\u00c5rsredovisning och revisionsber\u00e4ttelse<\/strong><\/p>\n<p>Styrelsen ska l\u00e4mna \u00e5rsredovisningen till revisorerna senast sex (6) veckor f\u00f6re ordinarie f\u00f6reningsst\u00e4mma (\u00e5rsst\u00e4mman).<\/p>\n<p>Revisorerna skall l\u00e4mna ber\u00e4ttelsen \u00f6ver sin granskning till styrelsen senast tre (3) veckor innan \u00e5rsst\u00e4mman.<\/p>\n<p>\u00a715<\/p>\n<p><strong>\u00c5rsst\u00e4mma<\/strong><\/p>\n<p>En ordinarie f\u00f6reningsst\u00e4mma, \u00e5rsst\u00e4mma, ska h\u00e5llas f\u00f6re april m\u00e5nads utg\u00e5ng. Vid \u00e5rsst\u00e4mman ska f\u00f6ljande \u00e4renden behandlas:<\/p>\n<ol>\n<li>val av ordf\u00f6rande vid st\u00e4mman och anm\u00e4lan av st\u00e4mmoordf\u00f6randens val av protokollf\u00f6rare<\/li>\n<li>Godk\u00e4nnande av r\u00f6stl\u00e4ngden<\/li>\n<li>Val av tv\u00e5 (2) justeringspersoner<\/li>\n<li>Fr\u00e5gan om st\u00e4mman blivit utlyst i beh\u00f6rig ordning<\/li>\n<li>Fastst\u00e4llande av dagordningen<\/li>\n<li>Styrelsens \u00e5rsredovisning<\/li>\n<li>Revisorernas ber\u00e4ttelse<\/li>\n<li>Belut om fastst\u00e4llande av resultatr\u00e4kningen och balansr\u00e4kningen samt hur vinsten eller f\u00f6rlusten enligt den fastst\u00e4llda balansr\u00e4kningen ska disponeras<\/li>\n<li>Beslut om ansvarsfrihet \u00e5t styrelseledam\u00f6terna<\/li>\n<li>Verksamhetsplan och budget f\u00f6r kommande verksamhets\u00e5r<\/li>\n<li>Fr\u00e5gan om arvode till styrelseledam\u00f6ter och revisorerna<\/li>\n<li>\u00c5rlig medlemsavgift f\u00f6r innevarande r\u00e4kenskaps\u00e5r<\/li>\n<li>Val av styrelsens ordf\u00f6rande<\/li>\n<li>Val av styrelseledam\u00f6ter och styrelsesuppleanter<\/li>\n<li>Val av revisorer<\/li>\n<li>Val av valberedning, minst tv\u00e5 (2) personer, var av en (1) sammankallande<\/li>\n<li>Styrelsens propositioner och medlemsmotioner<\/li>\n<\/ol>\n<p>\u00a716<\/p>\n<p><strong>Motioner<\/strong><\/p>\n<p>\u00c4rende som medlem \u00f6nskar h\u00e4nskjuta till \u00e5rsst\u00e4mma skall skriftligen anm\u00e4las till styrelsen senast en<\/p>\n<p>(1) m\u00e5nad f\u00f6re st\u00e4mman<\/p>\n<p>\u00a717<\/p>\n<p><strong>Extra f\u00f6reningsst\u00e4mma<\/strong><\/p>\n<p>Extra f\u00f6reningsst\u00e4mma ska utlysas av styrelsen d\u00e5 det beh\u00f6vs och d\u00e5 det, f\u00f6r behandling av uppgivet \u00e4rende, skriftligen beg\u00e4rs av revisor eller minst en tiondel (1\/10) av f\u00f6reningens medlemmar(andels\u00e4gare). Kallelsen ska skickas tidigast 6 veckor och senast 2 veckor innan. Vid extra f\u00f6reningsst\u00e4mma f\u00e5r inte beslut fattas i andra \u00e4renden \u00e4n de som angivits i kallelsen<\/p>\n<p>\u00a718<\/p>\n<p><strong>R\u00f6str\u00e4tt<\/strong><\/p>\n<p>Vid f\u00f6reningsst\u00e4mma har varje medlem en (1) r\u00f6st.<\/p>\n<p>Medlem f\u00e5r f\u00f6retr\u00e4das av ombud som \u00e4r make\/maka\/sambo, annan medlem eller st\u00e4llf\u00f6retr\u00e4dare f\u00f6r annan medlem. Ett ombud f\u00e5r endast f\u00f6retr\u00e4da en (1) medlemmar. Fullmakt f\u00f6r ombud ska senast dagen f\u00f6re st\u00e4mman vara styrelsen tillhanda. Fullmakten ska vara dagtecknad samt inte \u00e4ldre \u00e4n ett (1) \u00e5r.<\/p>\n<p>Medlemsavgiften m\u00e5ste vara betald p\u00e5 det s\u00e4tt som styrelsen beslutat f\u00f6r att r\u00f6str\u00e4tt skall g\u00e4lla.<\/p>\n<p>\u00a719<\/p>\n<p><strong>Beslut<\/strong><\/p>\n<p>Beslut av f\u00f6reningsst\u00e4mman och styrelsen utg\u00f6rs av den mening som f\u00e5tt mer \u00e4n h\u00e4lften av de angivna r\u00f6sterna. Vid lika r\u00f6stetal har ordf\u00f6rande utslagsr\u00f6st.<\/p>\n<p>\u00a720<\/p>\n<p><strong>Kallelse och andra meddelanden<\/strong><\/p>\n<p>Styrelsen kallar till f\u00f6reningsst\u00e4mma. Kallelsen ska inneh\u00e5lla uppgift om vilka \u00e4renden som ska f\u00f6rekomma och utf\u00e4rdas tidigast sex (6) veckor f\u00f6re och senast tv\u00e5 (2) veckor f\u00f6re f\u00f6reningsst\u00e4mma. Kallelse till f\u00f6reningsst\u00e4mma och andra meddelanden sker genom brev med posten eller med e-post till samtliga medlemmar.<\/p>\n<p>Alla kallelser, meddelande och all annan information som skall l\u00e4mnas till medlemmarna f\u00e5r skickas till medlemmarna per e-post under de f\u00f6ruts\u00e4ttningar som anges i 1 kap. 85 lagen om ekonomiska f\u00f6reningar. En av f\u00f6ruts\u00e4ttningarna \u00e4r att medlem samtyckt till att information l\u00e4mnas per e-post.<\/p>\n<p>Detta samtycke f\u00e5r n\u00e4r som helst \u00e5terkallas.<\/p>\n<p>N\u00e4r styrelsen kallat till f\u00f6reningsst\u00e4mma ska den underr\u00e4tta revisorerna om detta genom brev med posten.<\/p>\n<p>\u00a721<\/p>\n<p><strong>Vinstf\u00f6rdelning<\/strong><\/p>\n<p>Fritt eget kapital enligt fastst\u00e4lld balansr\u00e4kning ska enligt f\u00f6reningsst\u00e4mmans beslut, f\u00f6ras i ny r\u00e4kning och\/eller fonderas f\u00f6r s\u00e4rskilt \u00e4ndam\u00e5l.<\/p>\n<p>\u00a722<\/p>\n<p><strong>Uppl\u00f6sning av f\u00f6reningen<\/strong><\/p>\n<p>Om f\u00f6reningen uppl\u00f6ses ska medlemmar f\u00f6rst f\u00e5 tillbaka sina insatser efter att f\u00f6reningen har betalat sina utest\u00e5ende skulder.<\/p>\n<p>\u00c5terst\u00e5ende belopp ska enligt beslut i samband med likvidationsbeslut \u00f6verl\u00e4mnas till<\/p>\n<p>Riksorganisationen Folkets Hus och Parker. Tillg\u00e5ngarna ska av mottagaren f\u00f6rvaltas och \u00f6verl\u00e4mnas till ny f\u00f6rening som kan bildas med i huvudsak samma \u00e4ndam\u00e5l som f\u00f6reningens och vilken styrelse har sitt s\u00e4te i \u00d6stra G\u00f6inge kommun.<\/p>\n<p>\u00a723<\/p>\n<p><strong>Stadge\u00e4ndring<\/strong><\/p>\n<p>Stadge\u00e4ndring sker enligt lagen om ekonomiska f\u00f6reningar.<\/p>\n<p>\u00a724<\/p>\n<p><strong>\u00d6vrigt<\/strong><\/p>\n<p>F\u00f6r fr\u00e5gor som inte regleras i dessa stadgar g\u00e4ller lagen om ekonomiska f\u00f6reningar.<\/p>\n<p>Att dessa stadgar antagits vid f\u00f6reningsst\u00e4mma den 20170118 intygas.<\/p>\n<span class=\"fb_share\"><fb:like href=\"https:\/\/knislingefp.se\/?page_id=1365\" layout=\"button_count\"><\/fb:like><\/span>","protected":false},"excerpt":{"rendered":"<p>Stadgar f\u00f6r Knislinge Folkets Hus- och Parkf\u00f6rening u.p.a. \u00a71. Firma F\u00f6reningens namn \u00e4r Knislinge Folkets Hus- och Parkf\u00f6rening u.p.a. \u00a72 F\u00f6reningens \u00e4ndam\u00e5l. F\u00f6reningen har till \u00e4ndam\u00e5l att genom ink\u00f6p eller byggande av hus, och anskaffande av Folkets Park, att tillhandah\u00e5lla Knislinge Arbetare och dem n\u00e4rst\u00e5ende organisationer erforderliga samlingslokaler och festplatser, samt beredande av bost\u00e4der f\u00f6r &hellip; <a href=\"https:\/\/knislingefp.se\/?page_id=1365\" class=\"more-link\">Forts\u00e4tt l\u00e4sa <span class=\"screen-reader-text\">Stadgar<\/span> <span class=\"meta-nav\">&rarr;<\/span><\/a><\/p>\n","protected":false},"author":1,"featured_media":0,"parent":0,"menu_order":0,"comment_status":"closed","ping_status":"closed","template":"","meta":{"ngg_post_thumbnail":0,"jetpack_post_was_ever_published":false},"jetpack_shortlink":"https:\/\/wp.me\/P3h33M-m1","jetpack_sharing_enabled":true,"_links":{"self":[{"href":"https:\/\/knislingefp.se\/index.php?rest_route=\/wp\/v2\/pages\/1365"}],"collection":[{"href":"https:\/\/knislingefp.se\/index.php?rest_route=\/wp\/v2\/pages"}],"about":[{"href":"https:\/\/knislingefp.se\/index.php?rest_route=\/wp\/v2\/types\/page"}],"author":[{"embeddable":true,"href":"https:\/\/knislingefp.se\/index.php?rest_route=\/wp\/v2\/users\/1"}],"replies":[{"embeddable":true,"href":"https:\/\/knislingefp.se\/index.php?rest_route=%2Fwp%2Fv2%2Fcomments&post=1365"}],"version-history":[{"count":5,"href":"https:\/\/knislingefp.se\/index.php?rest_route=\/wp\/v2\/pages\/1365\/revisions"}],"predecessor-version":[{"id":1643,"href":"https:\/\/knislingefp.se\/index.php?rest_route=\/wp\/v2\/pages\/1365\/revisions\/1643"}],"wp:attachment":[{"href":"https:\/\/knislingefp.se\/index.php?rest_route=%2Fwp%2Fv2%2Fmedia&parent=1365"}],"curies":[{"name":"wp","href":"https:\/\/api.w.org\/{rel}","templated":true}]}}